{"id":1297,"date":"2025-07-02T14:31:51","date_gmt":"2025-07-02T12:31:51","guid":{"rendered":"http:\/\/dev.alpcm.fr\/?page_id=1297"},"modified":"2026-01-10T10:33:22","modified_gmt":"2026-01-10T09:33:22","slug":"loisirs-mixtes","status":"publish","type":"page","link":"https:\/\/www.alpcm.fr\/?page_id=1297","title":{"rendered":"Loisirs mixtes"},"content":{"rendered":"\n<div class=\"wp-block-cover has-custom-content-position is-position-bottom-center\" style=\"border-bottom-color:var(--wp--preset--color--theme-palette-1);border-bottom-width:20px;margin-top:0;margin-bottom:0;padding-top:0;padding-right:0;padding-bottom:0;padding-left:0;min-height:600px;aspect-ratio:unset;\"><img loading=\"lazy\" decoding=\"async\" width=\"1600\" height=\"1200\" class=\"wp-block-cover__image-background wp-image-3022 size-full\" alt=\"\" src=\"http:\/\/www.alpcm.fr\/wp-content\/uploads\/2026\/01\/Collation-after-training.jpg\" data-object-fit=\"cover\"\/><span aria-hidden=\"true\" class=\"wp-block-cover__background has-theme-palette-8-background-color has-background-dim-20 has-background-dim\"><\/span><div class=\"wp-block-cover__inner-container is-layout-constrained wp-container-core-cover-is-layout-2a2e5e68 wp-block-cover-is-layout-constrained\">\n<h1 class=\"wp-block-heading has-text-align-center has-theme-palette-9-color has-theme-palette-7-background-color has-text-color has-background has-link-color has-large-font-size wp-elements-46309f5a8ec3c37953e2c195933c7221\">Loisirs mixtes<\/h1>\n<\/div><\/div>\n\n\n\n<div class=\"wp-block-cover has-parallax\" style=\"margin-bottom:0;min-height:597px;aspect-ratio:unset;\"><div class=\"wp-block-cover__image-background wp-image-461 size-full has-parallax\" style=\"background-position:50% 50%;background-image:url(http:\/\/dev.alpcm.fr\/wp-content\/uploads\/2025\/06\/Logo_ALPCM_HD_complet-b-travers.png)\"><\/div><span aria-hidden=\"true\" class=\"wp-block-cover__background has-theme-palette-9-background-color has-background-dim-90 has-background-dim\"><\/span><div class=\"wp-block-cover__inner-container is-layout-constrained wp-block-cover-is-layout-constrained\">\n<div style=\"height:100px\" aria-hidden=\"true\" class=\"wp-block-spacer\"><\/div>\n\n\n\n<div class=\"wp-block-columns are-vertically-aligned-top is-not-stacked-on-mobile is-layout-flex wp-container-core-columns-is-layout-a5243afc wp-block-columns-is-layout-flex\" style=\"margin-bottom:0;padding-bottom:0\">\n<div class=\"wp-block-column is-vertically-aligned-top is-layout-flow wp-block-column-is-layout-flow\" style=\"flex-basis:10%\"><\/div>\n\n\n\n<div class=\"wp-block-column is-vertically-aligned-top has-theme-palette-5-color has-text-color has-link-color has-medium-font-size wp-elements-c62cecbc215e037f009a1104e8169bc4 is-layout-flow wp-block-column-is-layout-flow\" style=\"flex-basis:80%\">\n<div style=\"height:48px\" aria-hidden=\"true\" class=\"wp-block-spacer\"><\/div>\n\n\n\n<p>Le club de basket de Nantes, l&rsquo;ALPCM ouvre ses portes \u00e0 tous les joueurs souhaitant s&rsquo;entra\u00eener sans entrer dans la comp\u00e9tition !<\/p>\n\n\n\n<p>Contactez-nous par mail \u00e0 <a href=\"mailto:contact@alpcm.fr\">contact@alpcm.fr<\/a>.<\/p>\n\n\n\n<div style=\"height:48px\" aria-hidden=\"true\" class=\"wp-block-spacer\"><\/div>\n\n\n\n<div class=\"wp-block-buttons is-content-justification-center is-layout-flex wp-container-core-buttons-is-layout-16018d1d wp-block-buttons-is-layout-flex\">\n<div class=\"wp-block-button\"><a class=\"wp-block-button__link wp-element-button\" href=\"https:\/\/docs.google.com\/spreadsheets\/d\/e\/2PACX-1vQCclIPPSdR4yb9m4rDDHFgRc2eYLpBMuPYyKjmJOFsirBY1vuL-ErBxx__xJtxHY8lj_Q9MnCdzH43\/pubhtml\" target=\"_blank\" rel=\"noreferrer noopener\">Horaires et salles des entra\u00eenements<\/a><\/div>\n<\/div>\n\n\n\n<div style=\"height:131px\" aria-hidden=\"true\" class=\"wp-block-spacer\"><\/div>\n\n\n\n<h2 class=\"wp-block-heading has-text-align-center\">Loisirs mixtes, ou u60&#8230;<\/h2>\n\n\n\n<div style=\"height:25px\" aria-hidden=\"true\" class=\"wp-block-spacer\"><\/div>\n<\/div>\n\n\n\n<div class=\"wp-block-column is-vertically-aligned-top is-layout-flow wp-block-column-is-layout-flow\" style=\"flex-basis:10%\"><\/div>\n<\/div>\n\n\n\n<figure class=\"wp-block-gallery has-nested-images columns-default has-theme-palette-8-background-color has-background wp-block-gallery-1 is-layout-flex wp-block-gallery-is-layout-flex\" style=\"border-top-left-radius:35px;border-top-right-radius:35px;border-bottom-left-radius:35px;border-bottom-right-radius:35px\">\n<figure class=\"wp-block-image size-large has-custom-border\"><img loading=\"lazy\" decoding=\"async\" width=\"1200\" height=\"1600\" data-id=\"3021\" src=\"https:\/\/www.alpcm.fr\/wp-content\/uploads\/2026\/01\/Anniv-Momo-Je\u0301rome.jpg\" alt=\"\" class=\"wp-image-3021\" style=\"border-top-left-radius:35px;border-top-right-radius:35px;border-bottom-left-radius:35px;border-bottom-right-radius:35px\"\/><\/figure>\n\n\n\n<figure class=\"wp-block-image size-large has-custom-border\"><img loading=\"lazy\" decoding=\"async\" width=\"1200\" height=\"1600\" data-id=\"3023\" src=\"https:\/\/www.alpcm.fr\/wp-content\/uploads\/2026\/01\/Myriam-vs-Rudy.jpg\" alt=\"\" class=\"wp-image-3023\" style=\"border-top-left-radius:35px;border-top-right-radius:35px;border-bottom-left-radius:35px;border-bottom-right-radius:35px\"\/><\/figure>\n\n\n\n<figure class=\"wp-block-image size-large has-custom-border\"><img loading=\"lazy\" decoding=\"async\" width=\"1500\" height=\"2000\" data-id=\"3019\" src=\"https:\/\/www.alpcm.fr\/wp-content\/uploads\/2026\/01\/Anniv-dEdouard.jpg\" alt=\"\" class=\"wp-image-3019\" style=\"border-top-left-radius:35px;border-top-right-radius:35px;border-bottom-left-radius:35px;border-bottom-right-radius:35px\"\/><\/figure>\n\n\n\n<figure class=\"wp-block-image size-large has-custom-border\"><img loading=\"lazy\" decoding=\"async\" width=\"1600\" height=\"1200\" data-id=\"3020\" src=\"https:\/\/www.alpcm.fr\/wp-content\/uploads\/2026\/01\/Anniv-Momo-Je\u0301rome-2.jpg\" alt=\"\" class=\"wp-image-3020\" style=\"border-top-left-radius:35px;border-top-right-radius:35px;border-bottom-left-radius:35px;border-bottom-right-radius:35px\"\/><\/figure>\n\n\n\n<figure class=\"wp-block-image size-large has-custom-border is-style-default\"><img loading=\"lazy\" decoding=\"async\" width=\"1600\" height=\"1200\" data-id=\"3024\" src=\"https:\/\/www.alpcm.fr\/wp-content\/uploads\/2026\/01\/Soire\u0301e-pizza-de-Momo.jpg\" alt=\"\" class=\"wp-image-3024\" style=\"border-top-left-radius:35px;border-top-right-radius:35px;border-bottom-left-radius:35px;border-bottom-right-radius:35px\"\/><\/figure>\n<\/figure>\n\n\n\n<div style=\"height:100px\" aria-hidden=\"true\" class=\"wp-block-spacer\"><\/div>\n<\/div><\/div>\n\n\n\n<div class=\"wp-block-group alignwide has-theme-palette-1-background-color has-background has-large-font-size is-vertical is-content-justification-center is-layout-flex wp-container-core-group-is-layout-b90b0692 wp-block-group-is-layout-flex\" style=\"margin-top:0;margin-bottom:0;padding-top:var(--wp--preset--spacing--60);padding-right:0;padding-bottom:var(--wp--preset--spacing--60);padding-left:0;font-style:normal;font-weight:900;letter-spacing:2px;text-transform:uppercase;background-image:url(&apos;http:\/\/dev.alpcm.fr\/wp-content\/uploads\/2025\/06\/Logo_ALPCM_HD_complet-n-travers.png&apos;);background-position:26% 48%;background-repeat:no-repeat;background-size:contain;\">\n<h6 class=\"wp-block-heading has-text-align-center has-theme-palette-2-color has-text-color has-link-color wp-elements-54f6c9ce9ebd43d47a1c67f190394c28\"><em>#Engagement<\/em><\/h6>\n\n\n\n<h6 class=\"wp-block-heading has-text-align-center has-theme-palette-2-color has-text-color has-link-color wp-elements-16dffe3e705e2d8ea8a8bd3daaeb8249\">#<em>Respect<\/em><\/h6>\n\n\n\n<h6 class=\"wp-block-heading has-text-align-center has-theme-palette-2-color has-text-color has-link-color wp-elements-ff28654359b39973276e9df8b42721e1\"><em>#Convivialit\u00e9<\/em><\/h6>\n\n\n\n<h6 class=\"wp-block-heading has-text-align-center has-theme-palette-2-color has-text-color has-link-color wp-elements-b62c5b56dd860e3737aeb26de9bdc01b\"><em>#Performance<\/em><\/h6>\n\n\n\n<h6 class=\"wp-block-heading has-text-align-center has-theme-palette-2-color has-text-color has-link-color wp-elements-7bf7809562b1c99354aef496754dcfe4\"><em>#Mixit\u00e9<\/em><\/h6>\n\n\n\n<h6 class=\"wp-block-heading has-text-align-center has-theme-palette-2-color has-text-color has-link-color wp-elements-6cd1713b224c037c7671978ecbc05ec6\">#<em>Inclusion<\/em><\/h6>\n<\/div>\n\n\n\n<div class=\"wp-block-cover has-parallax wp-duotone-unset-2\" style=\"margin-top:0;margin-bottom:0;min-height:406px;aspect-ratio:unset;\"><div class=\"wp-block-cover__image-background wp-image-461 size-full has-parallax\" style=\"background-position:50% 50%;background-image:url(http:\/\/dev.alpcm.fr\/wp-content\/uploads\/2025\/06\/Logo_ALPCM_HD_complet-b-travers.png)\"><\/div><span aria-hidden=\"true\" class=\"wp-block-cover__background has-theme-palette-9-background-color has-background-dim-90 has-background-dim\"><\/span><div class=\"wp-block-cover__inner-container is-layout-constrained wp-block-cover-is-layout-constrained\">\n<div style=\"height:80px\" aria-hidden=\"true\" class=\"wp-block-spacer\"><\/div>\n\n\n\n<h1 class=\"wp-block-heading has-text-align-center has-theme-palette-4-color has-text-color has-link-color wp-elements-7d955d5bed5feb933698689767969fd0\" id=\"g94c9d6a061e2\" style=\"margin-top:var(--wp--preset--spacing--40);margin-bottom:var(--wp--preset--spacing--40)\"><em>Suivez-nous sur les r\u00e9seaux<\/em><\/h1>\n\n\n\n<div class=\"wp-block-getwid-social-links has-large-spacing\" style=\"font-size:26px\"><ul class=\"wp-block-getwid-social-links__list getwid-justify-content-center\"><li class=\"wp-block-getwid-social-links__item\"><a class=\"wp-block-getwid-social-links__link\" href=\"https:\/\/www.facebook.com\/ALPCMLeBasketEnJauneEtNoir\/\" target=\"_blank\" rel=\"noreferrer noopener\"><span class=\"wp-block-getwid-social-links__wrapper has-text-color has-theme-palette-4-color\"><i class=\"fab fa-facebook-f\"><\/i><\/span><\/a><\/li><li class=\"wp-block-getwid-social-links__item\"><a class=\"wp-block-getwid-social-links__link\" href=\"https:\/\/www.instagram.com\/alpcm_nantes\/\" target=\"_blank\" rel=\"noreferrer noopener\"><span class=\"wp-block-getwid-social-links__wrapper has-text-color has-theme-palette-4-color\"><i class=\"fab fa-instagram\"><\/i><\/span><\/a><\/li><li class=\"wp-block-getwid-social-links__item\"><a class=\"wp-block-getwid-social-links__link\" href=\"https:\/\/www.youtube.com\/@alpcm.nantes\" target=\"_blank\" rel=\"noreferrer noopener\"><span class=\"wp-block-getwid-social-links__wrapper has-text-color has-theme-palette-4-color\"><i class=\"fab fa-youtube\"><\/i><\/span><\/a><\/li><li class=\"wp-block-getwid-social-links__item\"><a class=\"wp-block-getwid-social-links__link\" href=\"https:\/\/www.linkedin.com\/company\/alpcm-nantes-basket\" target=\"_blank\" rel=\"noreferrer noopener\"><span class=\"wp-block-getwid-social-links__wrapper has-text-color has-theme-palette-4-color\"><i class=\"fab fa-linkedin-in\"><\/i><\/span><\/a><\/li><li class=\"wp-block-getwid-social-links__item\"><a class=\"wp-block-getwid-social-links__link\" href=\"https:\/\/competitions.ffbb.com\/ligues\/pdl\/comites\/0044\/clubs\/pdl0044015\" target=\"_blank\" rel=\"noreferrer noopener\"><span class=\"wp-block-getwid-social-links__wrapper has-text-color has-theme-palette-4-color\"><i class=\"fab fa-dribbble\"><\/i><\/span><\/a><\/li><\/ul><\/div>\n\n\n\n<div class=\"wp-block-columns is-layout-flex wp-container-core-columns-is-layout-9d6595d7 wp-block-columns-is-layout-flex\">\n<div class=\"wp-block-column is-layout-flow wp-block-column-is-layout-flow\"><\/div>\n\n\n\n<div class=\"wp-block-column has-theme-palette-8-background-color has-background is-layout-flow wp-block-column-is-layout-flow\" style=\"border-radius:35px;padding-top:var(--wp--preset--spacing--30);padding-right:var(--wp--preset--spacing--20);padding-bottom:var(--wp--preset--spacing--30);padding-left:var(--wp--preset--spacing--20);flex-basis:70%\">\n\n\n<div class=\"wp-block-getwid-icon-box getwid-animation has-icon-right has-text-left\" data-animation=\"bounce\"><div style=\"margin-top:5px;margin-bottom:10px;margin-left:10px;margin-right:50px\" class=\"wp-block-getwid-icon-box__icon-container is-position-middle\"><a href=\"https:\/\/www.instagram.com\/alpcm_nantes\/\" target=\"_blank\" rel=\"noreferrer noopener\" class=\"wp-block-getwid-icon-box__icon-wrapper has-text-color has-theme-palette-1-color\" style=\"font-size:36px;padding:2px\"><i class=\"fab fa-instagram\"><\/i><\/a><\/div><div class=\"wp-block-getwid-icon-box__content\">\n<h5 class=\"wp-block-heading has-text-align-right has-theme-palette-1-color has-text-color has-link-color wp-elements-f48b37c6b1a33e98ba0dfa0e6ce3f5c8\"><em>Retrouvez notre insta<\/em><\/h5>\n<\/div><\/div>\n<\/div>\n\n\n\n<div class=\"wp-block-column is-layout-flow wp-block-column-is-layout-flow\"><\/div>\n<\/div>\n\n\n\n<div style=\"height:45px\" aria-hidden=\"true\" class=\"wp-block-spacer\"><\/div>\n\n\n\n<div class=\"wp-block-columns is-layout-flex wp-container-core-columns-is-layout-9d6595d7 wp-block-columns-is-layout-flex\">\n<div class=\"wp-block-column is-layout-flow wp-block-column-is-layout-flow\"><\/div>\n\n\n\n<div class=\"wp-block-column is-layout-flow wp-block-column-is-layout-flow\" style=\"flex-basis:60%\">\n<div class=\"wp-block-group has-theme-palette-8-background-color has-background is-horizontal is-content-justification-center is-nowrap is-layout-flex wp-container-core-group-is-layout-c1dfda1e wp-block-group-is-layout-flex\" style=\"border-radius:35px\">\n<figure class=\"wp-block-image size-full wp-container-content-d495dc90 wp-duotone-grayscale\"><a href=\"https:\/\/metropole.nantes.fr\/\" target=\"_blank\" rel=\" noreferrer noopener\"><img loading=\"lazy\" decoding=\"async\" width=\"372\" height=\"136\" src=\"http:\/\/dev.alpcm.fr\/wp-content\/uploads\/2025\/06\/Logo_Ville-de-Nantes.png\" alt=\"Logo_Ville de Nantes\" class=\"wp-image-269\" style=\"object-fit:cover\"\/><\/a><\/figure>\n\n\n\n<figure class=\"wp-block-image size-full wp-container-content-d495dc90 wp-duotone-grayscale\"><img loading=\"lazy\" decoding=\"async\" width=\"520\" height=\"270\" src=\"http:\/\/www.alpcm.fr\/wp-content\/uploads\/2025\/09\/Logo_Loire-atlantique.png\" alt=\"\" class=\"wp-image-2667\" style=\"object-fit:cover\"\/><\/figure>\n\n\n\n<figure class=\"wp-block-image size-full wp-container-content-d495dc90 wp-duotone-grayscale\"><a href=\"https:\/\/www.ffbb.com\/\" target=\"_blank\" rel=\" noreferrer noopener\"><img loading=\"lazy\" decoding=\"async\" width=\"1260\" height=\"1575\" src=\"http:\/\/dev.alpcm.fr\/wp-content\/uploads\/2025\/06\/Logo_FFBB.png\" alt=\"Logo_FFBB\" class=\"wp-image-271\" style=\"object-fit:cover\"\/><\/a><\/figure>\n\n\n\n<figure class=\"wp-block-image size-full wp-container-content-d495dc90 wp-duotone-grayscale\"><a href=\"https:\/\/loireatlantiquebasketball.org\/\" target=\"_blank\" rel=\" noreferrer noopener\"><img loading=\"lazy\" decoding=\"async\" width=\"628\" height=\"732\" src=\"http:\/\/dev.alpcm.fr\/wp-content\/uploads\/2025\/06\/Logo_Basket_44.png\" alt=\"Logo_Basket_44\" class=\"wp-image-270\" style=\"object-fit:cover\"\/><\/a><\/figure>\n\n\n\n<figure class=\"wp-block-image size-full wp-container-content-d495dc90 wp-duotone-grayscale\"><a href=\"https:\/\/pdlbasket.fr\/\" target=\"_blank\" rel=\" noreferrer noopener\"><img loading=\"lazy\" decoding=\"async\" width=\"984\" height=\"984\" src=\"http:\/\/dev.alpcm.fr\/wp-content\/uploads\/2025\/06\/Logo_Pays-de-la-Loire_basket.png\" alt=\"Logo_Pays de la Loire\" class=\"wp-image-273\" style=\"object-fit:cover\"\/><\/a><\/figure>\n<\/div>\n<\/div>\n\n\n\n<div class=\"wp-block-column is-layout-flow wp-block-column-is-layout-flow\"><\/div>\n<\/div>\n<\/div><\/div>\n","protected":false},"excerpt":{"rendered":"","protected":false},"author":1,"featured_media":0,"parent":1944,"menu_order":0,"comment_status":"closed","ping_status":"closed","template":"","meta":{"_kad_post_transparent":"","_kad_post_title":"","_kad_post_layout":"","_kad_post_sidebar_id":"","_kad_post_content_style":"","_kad_post_vertical_padding":"","_kad_post_feature":"","_kad_post_feature_position":"","_kad_post_header":false,"_kad_post_footer":false,"_kad_post_classname":"","footnotes":""},"class_list":["post-1297","page","type-page","status-publish","hentry"],"yoast_head":"<!-- This site is optimized with the Yoast SEO plugin v27.3 - https:\/\/yoast.com\/product\/yoast-seo-wordpress\/ -->\n<title>Loisirs mixtes &#8211; ALPCM<\/title>\n<meta name=\"description\" content=\"D\u00e9couvrez le club de basket de l&#039;ALPCM qui \u00e9volue dans le quartier du Coudray, \u00e0 Nantes. Retrouvez l&#039;agenda, les prochains camps basket et les calendriers des matchs.\" \/>\n<meta name=\"robots\" content=\"index, follow, max-snippet:-1, max-image-preview:large, max-video-preview:-1\" \/>\n<link rel=\"canonical\" href=\"https:\/\/www.alpcm.fr\/?page_id=1297\" \/>\n<meta property=\"og:locale\" content=\"fr_FR\" \/>\n<meta property=\"og:type\" content=\"article\" \/>\n<meta property=\"og:title\" content=\"Loisirs mixtes &#8211; ALPCM\" \/>\n<meta property=\"og:description\" content=\"D\u00e9couvrez le club de basket de l&#039;ALPCM qui \u00e9volue dans le quartier du Coudray, \u00e0 Nantes. Retrouvez l&#039;agenda, les prochains camps basket et les calendriers des matchs.\" \/>\n<meta property=\"og:url\" content=\"https:\/\/www.alpcm.fr\/?page_id=1297\" \/>\n<meta property=\"og:site_name\" content=\"ALPCM\" \/>\n<meta property=\"article:publisher\" content=\"https:\/\/www.facebook.com\/ALPCMLeBasketEnJauneEtNoir\/\" \/>\n<meta property=\"article:modified_time\" content=\"2026-01-10T09:33:22+00:00\" \/>\n<meta property=\"og:image\" content=\"https:\/\/www.alpcm.fr\/wp-content\/uploads\/2026\/01\/Collation-after-training.jpg\" \/>\n\t<meta property=\"og:image:width\" content=\"1600\" \/>\n\t<meta property=\"og:image:height\" content=\"1200\" \/>\n\t<meta property=\"og:image:type\" content=\"image\/jpeg\" \/>\n<meta name=\"twitter:card\" content=\"summary_large_image\" \/>\n<meta name=\"twitter:label1\" content=\"Dur\u00e9e de lecture estim\u00e9e\" \/>\n\t<meta name=\"twitter:data1\" content=\"4 minutes\" \/>\n<script type=\"application\/ld+json\" class=\"yoast-schema-graph\">{\"@context\":\"https:\\\/\\\/schema.org\",\"@graph\":[{\"@type\":\"WebPage\",\"@id\":\"https:\\\/\\\/www.alpcm.fr\\\/?page_id=1297\",\"url\":\"https:\\\/\\\/www.alpcm.fr\\\/?page_id=1297\",\"name\":\"Loisirs mixtes &#8211; ALPCM\",\"isPartOf\":{\"@id\":\"https:\\\/\\\/www.alpcm.fr\\\/#website\"},\"primaryImageOfPage\":{\"@id\":\"https:\\\/\\\/www.alpcm.fr\\\/?page_id=1297#primaryimage\"},\"image\":{\"@id\":\"https:\\\/\\\/www.alpcm.fr\\\/?page_id=1297#primaryimage\"},\"thumbnailUrl\":\"http:\\\/\\\/www.alpcm.fr\\\/wp-content\\\/uploads\\\/2026\\\/01\\\/Collation-after-training.jpg\",\"datePublished\":\"2025-07-02T12:31:51+00:00\",\"dateModified\":\"2026-01-10T09:33:22+00:00\",\"description\":\"D\u00e9couvrez le club de basket de l'ALPCM qui \u00e9volue dans le quartier du Coudray, \u00e0 Nantes. Retrouvez l'agenda, les prochains camps basket et les calendriers des matchs.\",\"breadcrumb\":{\"@id\":\"https:\\\/\\\/www.alpcm.fr\\\/?page_id=1297#breadcrumb\"},\"inLanguage\":\"fr-FR\",\"potentialAction\":[{\"@type\":\"ReadAction\",\"target\":[\"https:\\\/\\\/www.alpcm.fr\\\/?page_id=1297\"]}]},{\"@type\":\"ImageObject\",\"inLanguage\":\"fr-FR\",\"@id\":\"https:\\\/\\\/www.alpcm.fr\\\/?page_id=1297#primaryimage\",\"url\":\"https:\\\/\\\/www.alpcm.fr\\\/wp-content\\\/uploads\\\/2026\\\/01\\\/Collation-after-training.jpg\",\"contentUrl\":\"https:\\\/\\\/www.alpcm.fr\\\/wp-content\\\/uploads\\\/2026\\\/01\\\/Collation-after-training.jpg\",\"width\":1600,\"height\":1200},{\"@type\":\"BreadcrumbList\",\"@id\":\"https:\\\/\\\/www.alpcm.fr\\\/?page_id=1297#breadcrumb\",\"itemListElement\":[{\"@type\":\"ListItem\",\"position\":1,\"name\":\"Accueil\",\"item\":\"https:\\\/\\\/www.alpcm.fr\\\/\"},{\"@type\":\"ListItem\",\"position\":2,\"name\":\"\u00c9quipes\",\"item\":\"https:\\\/\\\/www.alpcm.fr\\\/?page_id=78\"},{\"@type\":\"ListItem\",\"position\":3,\"name\":\"\u00c9quipes hors-comp\u00e9tition\",\"item\":\"https:\\\/\\\/www.alpcm.fr\\\/?page_id=1944\"},{\"@type\":\"ListItem\",\"position\":4,\"name\":\"Loisirs mixtes\"}]},{\"@type\":\"WebSite\",\"@id\":\"https:\\\/\\\/www.alpcm.fr\\\/#website\",\"url\":\"https:\\\/\\\/www.alpcm.fr\\\/\",\"name\":\"ALPCM\",\"description\":\"Le basket en jaune &amp; noir\",\"publisher\":{\"@id\":\"https:\\\/\\\/www.alpcm.fr\\\/#organization\"},\"alternateName\":\"Club de basket de l'ALPCM\",\"potentialAction\":[{\"@type\":\"SearchAction\",\"target\":{\"@type\":\"EntryPoint\",\"urlTemplate\":\"https:\\\/\\\/www.alpcm.fr\\\/?s={search_term_string}\"},\"query-input\":{\"@type\":\"PropertyValueSpecification\",\"valueRequired\":true,\"valueName\":\"search_term_string\"}}],\"inLanguage\":\"fr-FR\"},{\"@type\":\"Organization\",\"@id\":\"https:\\\/\\\/www.alpcm.fr\\\/#organization\",\"name\":\"Club de basket de l'ALPCM\",\"alternateName\":\"ALPCM Nantes basket\",\"url\":\"https:\\\/\\\/www.alpcm.fr\\\/\",\"logo\":{\"@type\":\"ImageObject\",\"inLanguage\":\"fr-FR\",\"@id\":\"https:\\\/\\\/www.alpcm.fr\\\/#\\\/schema\\\/logo\\\/image\\\/\",\"url\":\"https:\\\/\\\/www.alpcm.fr\\\/wp-content\\\/uploads\\\/2025\\\/05\\\/Icone_ALPCM.png\",\"contentUrl\":\"https:\\\/\\\/www.alpcm.fr\\\/wp-content\\\/uploads\\\/2025\\\/05\\\/Icone_ALPCM.png\",\"width\":512,\"height\":512,\"caption\":\"Club de basket de l'ALPCM\"},\"image\":{\"@id\":\"https:\\\/\\\/www.alpcm.fr\\\/#\\\/schema\\\/logo\\\/image\\\/\"},\"sameAs\":[\"https:\\\/\\\/www.facebook.com\\\/ALPCMLeBasketEnJauneEtNoir\\\/\",\"https:\\\/\\\/www.instagram.com\\\/alpcm_nantes\\\/\",\"https:\\\/\\\/www.linkedin.com\\\/company\\\/alpcm-nantes-basket\"]}]}<\/script>\n<!-- \/ Yoast SEO plugin. -->","yoast_head_json":{"title":"Loisirs mixtes &#8211; ALPCM","description":"D\u00e9couvrez le club de basket de l'ALPCM qui \u00e9volue dans le quartier du Coudray, \u00e0 Nantes. Retrouvez l'agenda, les prochains camps basket et les calendriers des matchs.","robots":{"index":"index","follow":"follow","max-snippet":"max-snippet:-1","max-image-preview":"max-image-preview:large","max-video-preview":"max-video-preview:-1"},"canonical":"https:\/\/www.alpcm.fr\/?page_id=1297","og_locale":"fr_FR","og_type":"article","og_title":"Loisirs mixtes &#8211; ALPCM","og_description":"D\u00e9couvrez le club de basket de l'ALPCM qui \u00e9volue dans le quartier du Coudray, \u00e0 Nantes. Retrouvez l'agenda, les prochains camps basket et les calendriers des matchs.","og_url":"https:\/\/www.alpcm.fr\/?page_id=1297","og_site_name":"ALPCM","article_publisher":"https:\/\/www.facebook.com\/ALPCMLeBasketEnJauneEtNoir\/","article_modified_time":"2026-01-10T09:33:22+00:00","og_image":[{"width":1600,"height":1200,"url":"https:\/\/www.alpcm.fr\/wp-content\/uploads\/2026\/01\/Collation-after-training.jpg","type":"image\/jpeg"}],"twitter_card":"summary_large_image","twitter_misc":{"Dur\u00e9e de lecture estim\u00e9e":"4 minutes"},"schema":{"@context":"https:\/\/schema.org","@graph":[{"@type":"WebPage","@id":"https:\/\/www.alpcm.fr\/?page_id=1297","url":"https:\/\/www.alpcm.fr\/?page_id=1297","name":"Loisirs mixtes &#8211; ALPCM","isPartOf":{"@id":"https:\/\/www.alpcm.fr\/#website"},"primaryImageOfPage":{"@id":"https:\/\/www.alpcm.fr\/?page_id=1297#primaryimage"},"image":{"@id":"https:\/\/www.alpcm.fr\/?page_id=1297#primaryimage"},"thumbnailUrl":"http:\/\/www.alpcm.fr\/wp-content\/uploads\/2026\/01\/Collation-after-training.jpg","datePublished":"2025-07-02T12:31:51+00:00","dateModified":"2026-01-10T09:33:22+00:00","description":"D\u00e9couvrez le club de basket de l'ALPCM qui \u00e9volue dans le quartier du Coudray, \u00e0 Nantes. Retrouvez l'agenda, les prochains camps basket et les calendriers des matchs.","breadcrumb":{"@id":"https:\/\/www.alpcm.fr\/?page_id=1297#breadcrumb"},"inLanguage":"fr-FR","potentialAction":[{"@type":"ReadAction","target":["https:\/\/www.alpcm.fr\/?page_id=1297"]}]},{"@type":"ImageObject","inLanguage":"fr-FR","@id":"https:\/\/www.alpcm.fr\/?page_id=1297#primaryimage","url":"https:\/\/www.alpcm.fr\/wp-content\/uploads\/2026\/01\/Collation-after-training.jpg","contentUrl":"https:\/\/www.alpcm.fr\/wp-content\/uploads\/2026\/01\/Collation-after-training.jpg","width":1600,"height":1200},{"@type":"BreadcrumbList","@id":"https:\/\/www.alpcm.fr\/?page_id=1297#breadcrumb","itemListElement":[{"@type":"ListItem","position":1,"name":"Accueil","item":"https:\/\/www.alpcm.fr\/"},{"@type":"ListItem","position":2,"name":"\u00c9quipes","item":"https:\/\/www.alpcm.fr\/?page_id=78"},{"@type":"ListItem","position":3,"name":"\u00c9quipes hors-comp\u00e9tition","item":"https:\/\/www.alpcm.fr\/?page_id=1944"},{"@type":"ListItem","position":4,"name":"Loisirs mixtes"}]},{"@type":"WebSite","@id":"https:\/\/www.alpcm.fr\/#website","url":"https:\/\/www.alpcm.fr\/","name":"ALPCM","description":"Le basket en jaune &amp; noir","publisher":{"@id":"https:\/\/www.alpcm.fr\/#organization"},"alternateName":"Club de basket de l'ALPCM","potentialAction":[{"@type":"SearchAction","target":{"@type":"EntryPoint","urlTemplate":"https:\/\/www.alpcm.fr\/?s={search_term_string}"},"query-input":{"@type":"PropertyValueSpecification","valueRequired":true,"valueName":"search_term_string"}}],"inLanguage":"fr-FR"},{"@type":"Organization","@id":"https:\/\/www.alpcm.fr\/#organization","name":"Club de basket de l'ALPCM","alternateName":"ALPCM Nantes basket","url":"https:\/\/www.alpcm.fr\/","logo":{"@type":"ImageObject","inLanguage":"fr-FR","@id":"https:\/\/www.alpcm.fr\/#\/schema\/logo\/image\/","url":"https:\/\/www.alpcm.fr\/wp-content\/uploads\/2025\/05\/Icone_ALPCM.png","contentUrl":"https:\/\/www.alpcm.fr\/wp-content\/uploads\/2025\/05\/Icone_ALPCM.png","width":512,"height":512,"caption":"Club de basket de l'ALPCM"},"image":{"@id":"https:\/\/www.alpcm.fr\/#\/schema\/logo\/image\/"},"sameAs":["https:\/\/www.facebook.com\/ALPCMLeBasketEnJauneEtNoir\/","https:\/\/www.instagram.com\/alpcm_nantes\/","https:\/\/www.linkedin.com\/company\/alpcm-nantes-basket"]}]}},"_links":{"self":[{"href":"https:\/\/www.alpcm.fr\/index.php?rest_route=\/wp\/v2\/pages\/1297","targetHints":{"allow":["GET"]}}],"collection":[{"href":"https:\/\/www.alpcm.fr\/index.php?rest_route=\/wp\/v2\/pages"}],"about":[{"href":"https:\/\/www.alpcm.fr\/index.php?rest_route=\/wp\/v2\/types\/page"}],"author":[{"embeddable":true,"href":"https:\/\/www.alpcm.fr\/index.php?rest_route=\/wp\/v2\/users\/1"}],"replies":[{"embeddable":true,"href":"https:\/\/www.alpcm.fr\/index.php?rest_route=%2Fwp%2Fv2%2Fcomments&post=1297"}],"version-history":[{"count":14,"href":"https:\/\/www.alpcm.fr\/index.php?rest_route=\/wp\/v2\/pages\/1297\/revisions"}],"predecessor-version":[{"id":3030,"href":"https:\/\/www.alpcm.fr\/index.php?rest_route=\/wp\/v2\/pages\/1297\/revisions\/3030"}],"up":[{"embeddable":true,"href":"https:\/\/www.alpcm.fr\/index.php?rest_route=\/wp\/v2\/pages\/1944"}],"wp:attachment":[{"href":"https:\/\/www.alpcm.fr\/index.php?rest_route=%2Fwp%2Fv2%2Fmedia&parent=1297"}],"curies":[{"name":"wp","href":"https:\/\/api.w.org\/{rel}","templated":true}]}}